{"id":684,"date":"2024-02-11T14:42:40","date_gmt":"2024-02-11T14:42:40","guid":{"rendered":"http:\/\/miconfort.es\/?page_id=684"},"modified":"2024-02-11T14:42:40","modified_gmt":"2024-02-11T14:42:40","slug":"cookies","status":"publish","type":"page","link":"https:\/\/miconfort.es\/en\/cookies\/","title":{"rendered":"Cookies"},"content":{"rendered":"\n<p>Aviso de Cookies<\/p>\n\n\n\n<p>Este sitio web, miconfort.es, utiliza cookies y otras tecnolog\u00edas similares para mejorar la experiencia del usuario, as\u00ed como para analizar el tr\u00e1fico y personalizar el contenido y la publicidad. Al continuar navegando por este sitio, usted acepta el uso de cookies de acuerdo con esta pol\u00edtica.<\/p>\n\n\n\n<ol class=\"wp-block-list\">\n<li>\u00bfQu\u00e9 son las cookies? Las cookies son peque\u00f1os archivos de texto que se almacenan en su dispositivo (ordenador, tel\u00e9fono m\u00f3vil, tableta, etc.) cuando visita un sitio web. Estos archivos permiten que el sitio web recuerde sus acciones y preferencias (como inicio de sesi\u00f3n, idioma, tama\u00f1o de fuente y otras preferencias de visualizaci\u00f3n) durante un per\u00edodo de tiempo, para que no tenga que volver a ingresar esta informaci\u00f3n cada vez que visite el sitio o navegue de una p\u00e1gina a otra.<\/li>\n\n\n\n<li>Tipos de cookies utilizadas Este sitio web utiliza los siguientes tipos de cookies:\n<ul class=\"wp-block-list\">\n<li>Cookies t\u00e9cnicas: Son esenciales para el funcionamiento del sitio web y le permiten navegar y utilizar sus funciones.<\/li>\n\n\n\n<li>Cookies de an\u00e1lisis: Nos ayudan a comprender c\u00f3mo interact\u00faa con el sitio web, recopilando informaci\u00f3n sobre las p\u00e1ginas que visita, el tiempo que pasa en el sitio y otros datos estad\u00edsticos.<\/li>\n\n\n\n<li>Cookies de publicidad: Se utilizan para mostrar anuncios relevantes para usted y sus intereses. Tambi\u00e9n pueden ser utilizadas por terceros para mostrar publicidad en otros sitios web en funci\u00f3n de su actividad de navegaci\u00f3n en este sitio.<\/li>\n<\/ul>\n<\/li>\n\n\n\n<li>Control de cookies Usted tiene el control sobre si acepta o rechaza las cookies y puede configurar su navegador para que las rechace autom\u00e1ticamente, o para que le avise cada vez que se env\u00ede una cookie. Sin embargo, tenga en cuenta que al desactivar las cookies, es posible que algunas partes de este sitio web no funcionen correctamente.<\/li>\n\n\n\n<li>Consentimiento Al continuar navegando por este sitio web, usted acepta el uso de cookies de acuerdo con esta pol\u00edtica.<\/li>\n\n\n\n<li>M\u00e1s informaci\u00f3n Para obtener m\u00e1s informaci\u00f3n sobre las cookies y c\u00f3mo gestionarlas, puede consultar nuestra Pol\u00edtica de Cookies.<\/li>\n<\/ol>\n\n\n\n<p>Este aviso de cookies fue actualizado por \u00faltima vez en [Enero de 2024].<\/p>\n","protected":false},"excerpt":{"rendered":"<p>Aviso de Cookies Este sitio web, miconfort.es, utiliza cookies y otras tecnolog\u00edas similares para mejorar la experiencia del usuario, as\u00ed como para analizar el tr\u00e1fico y personalizar el contenido y la publicidad. Al continuar navegando por este sitio, usted acepta el uso de cookies de acuerdo con esta pol\u00edtica. Este aviso de cookies fue actualizado [&hellip;]<\/p>\n","protected":false},"author":1,"featured_media":0,"parent":0,"menu_order":0,"comment_status":"closed","ping_status":"closed","template":"","meta":{"_themeisle_gutenberg_block_has_review":false,"footnotes":""},"class_list":["post-684","page","type-page","status-publish","hentry"],"yoast_head":"<!-- This site is optimized with the Yoast SEO plugin v27.3 - https:\/\/yoast.com\/product\/yoast-seo-wordpress\/ -->\n<title>Cookies - Mi Confort<\/title>\n<meta name=\"robots\" content=\"index, follow, max-snippet:-1, max-image-preview:large, max-video-preview:-1\" \/>\n<link rel=\"canonical\" href=\"http:\/\/miconfort.es\/en\/cookies\/\" \/>\n<meta property=\"og:locale\" content=\"en_GB\" \/>\n<meta property=\"og:type\" content=\"article\" \/>\n<meta property=\"og:title\" content=\"Cookies - Mi Confort\" \/>\n<meta property=\"og:description\" content=\"Aviso de Cookies Este sitio web, miconfort.es, utiliza cookies y otras tecnolog\u00edas similares para mejorar la experiencia del usuario, as\u00ed como para analizar el tr\u00e1fico y personalizar el contenido y la publicidad. Al continuar navegando por este sitio, usted acepta el uso de cookies de acuerdo con esta pol\u00edtica. Este aviso de cookies fue actualizado [&hellip;]\" \/>\n<meta property=\"og:url\" content=\"http:\/\/miconfort.es\/en\/cookies\/\" \/>\n<meta property=\"og:site_name\" content=\"Mi Confort\" \/>\n<meta name=\"twitter:card\" content=\"summary_large_image\" \/>\n<meta name=\"twitter:label1\" content=\"Estimated reading time\" \/>\n\t<meta name=\"twitter:data1\" content=\"2 minutes\" \/>\n<script type=\"application\/ld+json\" class=\"yoast-schema-graph\">{\"@context\":\"https:\\\/\\\/schema.org\",\"@graph\":[{\"@type\":\"WebPage\",\"@id\":\"http:\\\/\\\/miconfort.es\\\/es_es\\\/cookies\\\/\",\"url\":\"http:\\\/\\\/miconfort.es\\\/es_es\\\/cookies\\\/\",\"name\":\"Cookies - Mi Confort\",\"isPartOf\":{\"@id\":\"http:\\\/\\\/miconfort.es\\\/es_es\\\/#website\"},\"datePublished\":\"2024-02-11T14:42:40+00:00\",\"breadcrumb\":{\"@id\":\"http:\\\/\\\/miconfort.es\\\/es_es\\\/cookies\\\/#breadcrumb\"},\"inLanguage\":\"en-GB\",\"potentialAction\":[{\"@type\":\"ReadAction\",\"target\":[\"http:\\\/\\\/miconfort.es\\\/es_es\\\/cookies\\\/\"]}]},{\"@type\":\"BreadcrumbList\",\"@id\":\"http:\\\/\\\/miconfort.es\\\/es_es\\\/cookies\\\/#breadcrumb\",\"itemListElement\":[{\"@type\":\"ListItem\",\"position\":1,\"name\":\"Home\",\"item\":\"http:\\\/\\\/miconfort.es\\\/es_es\\\/\"},{\"@type\":\"ListItem\",\"position\":2,\"name\":\"Cookies\"}]},{\"@type\":\"WebSite\",\"@id\":\"http:\\\/\\\/miconfort.es\\\/es_es\\\/#website\",\"url\":\"http:\\\/\\\/miconfort.es\\\/es_es\\\/\",\"name\":\"Mi Confort\",\"description\":\"Todo lo necesario para tu hogar\",\"publisher\":{\"@id\":\"http:\\\/\\\/miconfort.es\\\/es_es\\\/#organization\"},\"potentialAction\":[{\"@type\":\"SearchAction\",\"target\":{\"@type\":\"EntryPoint\",\"urlTemplate\":\"http:\\\/\\\/miconfort.es\\\/es_es\\\/?s={search_term_string}\"},\"query-input\":{\"@type\":\"PropertyValueSpecification\",\"valueRequired\":true,\"valueName\":\"search_term_string\"}}],\"inLanguage\":\"en-GB\"},{\"@type\":\"Organization\",\"@id\":\"http:\\\/\\\/miconfort.es\\\/es_es\\\/#organization\",\"name\":\"Mi Confort\",\"url\":\"http:\\\/\\\/miconfort.es\\\/es_es\\\/\",\"logo\":{\"@type\":\"ImageObject\",\"inLanguage\":\"en-GB\",\"@id\":\"http:\\\/\\\/miconfort.es\\\/es_es\\\/#\\\/schema\\\/logo\\\/image\\\/\",\"url\":\"https:\\\/\\\/miconfort.es\\\/wp-content\\\/uploads\\\/2024\\\/01\\\/mi-confort-web-wh.png\",\"contentUrl\":\"https:\\\/\\\/miconfort.es\\\/wp-content\\\/uploads\\\/2024\\\/01\\\/mi-confort-web-wh.png\",\"width\":1800,\"height\":1254,\"caption\":\"Mi Confort\"},\"image\":{\"@id\":\"http:\\\/\\\/miconfort.es\\\/es_es\\\/#\\\/schema\\\/logo\\\/image\\\/\"}}]}<\/script>\n<!-- \/ Yoast SEO plugin. -->","yoast_head_json":{"title":"Cookies - Mi Confort","robots":{"index":"index","follow":"follow","max-snippet":"max-snippet:-1","max-image-preview":"max-image-preview:large","max-video-preview":"max-video-preview:-1"},"canonical":"http:\/\/miconfort.es\/en\/cookies\/","og_locale":"en_GB","og_type":"article","og_title":"Cookies - Mi Confort","og_description":"Aviso de Cookies Este sitio web, miconfort.es, utiliza cookies y otras tecnolog\u00edas similares para mejorar la experiencia del usuario, as\u00ed como para analizar el tr\u00e1fico y personalizar el contenido y la publicidad. Al continuar navegando por este sitio, usted acepta el uso de cookies de acuerdo con esta pol\u00edtica. Este aviso de cookies fue actualizado [&hellip;]","og_url":"http:\/\/miconfort.es\/en\/cookies\/","og_site_name":"Mi Confort","twitter_card":"summary_large_image","twitter_misc":{"Estimated reading time":"2 minutes"},"schema":{"@context":"https:\/\/schema.org","@graph":[{"@type":"WebPage","@id":"http:\/\/miconfort.es\/es_es\/cookies\/","url":"http:\/\/miconfort.es\/es_es\/cookies\/","name":"Cookies - Mi Confort","isPartOf":{"@id":"http:\/\/miconfort.es\/es_es\/#website"},"datePublished":"2024-02-11T14:42:40+00:00","breadcrumb":{"@id":"http:\/\/miconfort.es\/es_es\/cookies\/#breadcrumb"},"inLanguage":"en-GB","potentialAction":[{"@type":"ReadAction","target":["http:\/\/miconfort.es\/es_es\/cookies\/"]}]},{"@type":"BreadcrumbList","@id":"http:\/\/miconfort.es\/es_es\/cookies\/#breadcrumb","itemListElement":[{"@type":"ListItem","position":1,"name":"Home","item":"http:\/\/miconfort.es\/es_es\/"},{"@type":"ListItem","position":2,"name":"Cookies"}]},{"@type":"WebSite","@id":"http:\/\/miconfort.es\/es_es\/#website","url":"http:\/\/miconfort.es\/es_es\/","name":"Mi Confort","description":"Todo lo necesario para tu hogar","publisher":{"@id":"http:\/\/miconfort.es\/es_es\/#organization"},"potentialAction":[{"@type":"SearchAction","target":{"@type":"EntryPoint","urlTemplate":"http:\/\/miconfort.es\/es_es\/?s={search_term_string}"},"query-input":{"@type":"PropertyValueSpecification","valueRequired":true,"valueName":"search_term_string"}}],"inLanguage":"en-GB"},{"@type":"Organization","@id":"http:\/\/miconfort.es\/es_es\/#organization","name":"Mi Confort","url":"http:\/\/miconfort.es\/es_es\/","logo":{"@type":"ImageObject","inLanguage":"en-GB","@id":"http:\/\/miconfort.es\/es_es\/#\/schema\/logo\/image\/","url":"https:\/\/miconfort.es\/wp-content\/uploads\/2024\/01\/mi-confort-web-wh.png","contentUrl":"https:\/\/miconfort.es\/wp-content\/uploads\/2024\/01\/mi-confort-web-wh.png","width":1800,"height":1254,"caption":"Mi Confort"},"image":{"@id":"http:\/\/miconfort.es\/es_es\/#\/schema\/logo\/image\/"}}]}},"_links":{"self":[{"href":"https:\/\/miconfort.es\/en\/wp-json\/wp\/v2\/pages\/684","targetHints":{"allow":["GET"]}}],"collection":[{"href":"https:\/\/miconfort.es\/en\/wp-json\/wp\/v2\/pages"}],"about":[{"href":"https:\/\/miconfort.es\/en\/wp-json\/wp\/v2\/types\/page"}],"author":[{"embeddable":true,"href":"https:\/\/miconfort.es\/en\/wp-json\/wp\/v2\/users\/1"}],"replies":[{"embeddable":true,"href":"https:\/\/miconfort.es\/en\/wp-json\/wp\/v2\/comments?post=684"}],"version-history":[{"count":1,"href":"https:\/\/miconfort.es\/en\/wp-json\/wp\/v2\/pages\/684\/revisions"}],"predecessor-version":[{"id":685,"href":"https:\/\/miconfort.es\/en\/wp-json\/wp\/v2\/pages\/684\/revisions\/685"}],"wp:attachment":[{"href":"https:\/\/miconfort.es\/en\/wp-json\/wp\/v2\/media?parent=684"}],"curies":[{"name":"wp","href":"https:\/\/api.w.org\/{rel}","templated":true}]}}