{"id":634,"date":"2024-02-11T13:17:50","date_gmt":"2024-02-11T13:17:50","guid":{"rendered":"http:\/\/miconfort.es\/?post_type=product&#038;p=634"},"modified":"2024-02-11T14:12:41","modified_gmt":"2024-02-11T14:12:41","slug":"termo-thermor-ellite-duralis-75","status":"publish","type":"product","link":"https:\/\/miconfort.es\/en\/product\/termo-thermor-ellite-duralis-75\/","title":{"rendered":"Termo THERMOR ELLITE DURALIS 75"},"content":{"rendered":"<h2>Termo de gama alta THERMOR DURALIS 75 litros<\/h2>\n<p>el mejor termo para usos intensos \u00f3 zonas con altas dosis de cal en el agua, como todo el mediterr\u00e1neo, donde los termos apenas duran 4 a\u00f1os, en este caso gracias a su \u00e1nodo electr\u00f3nico ACI Hybrid, no sufrir\u00e1 desgaste y obtendremos la mayor vida \u00fatil en un termo. Es por lo que ofrece 7 a\u00f1os de garant\u00eda para el calder\u00edn sin mantenimiento y 5 a\u00f1os para los componentes el\u00e9ctricos.<\/p>\n<p>&nbsp;<\/p>\n<p>Otro de los aspectos que nos gusta de este termo, es la resistencia cer\u00e1mica envainada con una baja tasa de carga, lo que hace que su calder\u00edn sufra menos.<\/p>\n<p>Con 75 litros podemos realizar hasta 3 duchas seguidas.<\/p>\n<p>&nbsp;<\/p>\n<h3>Termo el\u00e9ctrico con resistencia cer\u00e1mica y \u00e1nodo de titanio.<\/h3>\n<p>El exclusivo sistema de protecci\u00f3n de la cuba ACI Hybrid ofrece una durabilidad garantizada, adem\u00e1s de la posibilidad de instalaci\u00f3n trif\u00e1sica gracias al kit de instalaci\u00f3n Facilitri.<\/p>\n<p>DURABILIDAD<\/p>\n<ul>\n<li>Sistema de protecci\u00f3n anticorrosi\u00f3n ACI Hybrid<\/li>\n<li>Resistencia cer\u00e1mica envainada con baja tasa de carga<\/li>\n<li>Cuba vitrificada<\/li>\n<\/ul>\n<p>&nbsp;<\/p>\n<p>AHORRO ENERG\u00c9TICO<\/p>\n<ul>\n<li>Aislamiento de alta densidad<\/li>\n<li>Sistema BriseJet para una estratificaci\u00f3n \u00f3ptima del agua<\/li>\n<li>Termostato electr\u00f3nico de alta precisi\u00f3n<\/li>\n<\/ul>\n<p>&nbsp;<\/p>\n<p>GARANT\u00cdA<\/p>\n<ul>\n<li>Garant\u00eda de 7 a\u00f1os en la cuba y 5 a\u00f1os en componentes el\u00e9ctricos<\/li>\n<li>2 a\u00f1os de garant\u00eda total<\/li>\n<\/ul>\n<p>&nbsp;<\/p>\n<p>CONFORT<\/p>\n<ul>\n<li>Producci\u00f3n r\u00e1pida y eficiente de agua caliente que garantiza su disponibilidad en cualquier momento<\/li>\n<\/ul>\n<p>&nbsp;<\/p>\n<p>FACILIDAD DE INSTALACI\u00d3N<\/p>\n<ul>\n<li>Incluye de serie Optifix Universal que facilita la renovaci\u00f3n<\/li>\n<li>Posibilidad de instalaci\u00f3n trif\u00e1sica gracias al kit de instalaci\u00f3n Facilitri (seg\u00fan litrajes)<\/li>\n<li>Sistema de detecci\u00f3n de agua que evita los problemas de encendido previo al llenado del termo<\/li>\n<\/ul>\n<p>&nbsp;<\/p>\n<p><img fetchpriority=\"high\" decoding=\"async\" class=\"aligncenter wp-image-641 size-full\" src=\"http:\/\/miconfort.es\/wp-content\/uploads\/2024\/02\/ficha-tecnica-thermor-duralis-75-100-150-200t.webp\" alt=\"\" width=\"813\" height=\"489\" srcset=\"https:\/\/miconfort.es\/wp-content\/uploads\/2024\/02\/ficha-tecnica-thermor-duralis-75-100-150-200t.webp 813w, https:\/\/miconfort.es\/wp-content\/uploads\/2024\/02\/ficha-tecnica-thermor-duralis-75-100-150-200t-300x180.webp 300w, https:\/\/miconfort.es\/wp-content\/uploads\/2024\/02\/ficha-tecnica-thermor-duralis-75-100-150-200t-768x462.webp 768w, https:\/\/miconfort.es\/wp-content\/uploads\/2024\/02\/ficha-tecnica-thermor-duralis-75-100-150-200t-18x12.webp 18w, https:\/\/miconfort.es\/wp-content\/uploads\/2024\/02\/ficha-tecnica-thermor-duralis-75-100-150-200t-600x361.webp 600w\" sizes=\"(max-width: 813px) 100vw, 813px\" \/><\/p>\n<div>\n<div id=\"main-products-caracs\"><\/div>\n<\/div>","protected":false},"excerpt":{"rendered":"<h2>Termo de gama alta THERMOR DURALIS 75 litros<\/h2>\n<p>el mejor termo para usos intensos \u00f3 zonas con altas dosis de cal en el agua, como todo el mediterr\u00e1neo, donde los termos apenas duran 4 a\u00f1os, en este caso gracias a su \u00e1nodo electr\u00f3nico ACI Hybrid, no sufrir\u00e1 desgaste y obtendremos la mayor vida \u00fatil en un termo. Es por lo que ofrece 7 a\u00f1os de garant\u00eda para el calder\u00edn sin mantenimiento y 5 a\u00f1os para los componentes el\u00e9ctricos.<\/p>","protected":false},"featured_media":642,"comment_status":"open","ping_status":"closed","template":"","meta":{"_themeisle_gutenberg_block_has_review":false},"product_brand":[],"product_cat":[28,31],"product_tag":[32,25],"class_list":{"0":"post-634","1":"product","2":"type-product","3":"status-publish","4":"has-post-thumbnail","6":"product_cat-calefaccion","7":"product_cat-termos","8":"product_tag-termo","9":"product_tag-thermor","11":"first","12":"instock","13":"taxable","14":"shipping-taxable","15":"purchasable","16":"product-type-simple"},"yoast_head":"<!-- This site is optimized with the Yoast SEO plugin v27.3 - https:\/\/yoast.com\/product\/yoast-seo-wordpress\/ -->\n<title>Termo THERMOR ELLITE DURALIS 75 - Mi Confort<\/title>\n<meta name=\"robots\" content=\"index, follow, max-snippet:-1, max-image-preview:large, max-video-preview:-1\" \/>\n<link rel=\"canonical\" href=\"https:\/\/miconfort.es\/en\/product\/termo-thermor-ellite-duralis-75\/\" \/>\n<meta property=\"og:locale\" content=\"en_GB\" \/>\n<meta property=\"og:type\" content=\"article\" \/>\n<meta property=\"og:title\" content=\"Termo THERMOR ELLITE DURALIS 75 - Mi Confort\" \/>\n<meta property=\"og:description\" content=\"Termo de gama alta THERMOR DURALIS 75 litros el mejor termo para usos intensos \u00f3 zonas con altas dosis de cal en el agua, como todo el mediterr\u00e1neo, donde los termos apenas duran 4 a\u00f1os, en este caso gracias a su \u00e1nodo electr\u00f3nico ACI Hybrid, no sufrir\u00e1 desgaste y obtendremos la mayor vida \u00fatil en un termo. Es por lo que ofrece 7 a\u00f1os de garant\u00eda para el calder\u00edn sin mantenimiento y 5 a\u00f1os para los componentes el\u00e9ctricos.\" \/>\n<meta property=\"og:url\" content=\"https:\/\/miconfort.es\/en\/product\/termo-thermor-ellite-duralis-75\/\" \/>\n<meta property=\"og:site_name\" content=\"Mi Confort\" \/>\n<meta property=\"article:modified_time\" content=\"2024-02-11T14:12:41+00:00\" \/>\n<meta property=\"og:image\" content=\"https:\/\/miconfort.es\/wp-content\/uploads\/2024\/02\/Captura-de-pantalla-2024-02-11-a-las-14.53.09.png\" \/>\n\t<meta property=\"og:image:width\" content=\"1584\" \/>\n\t<meta property=\"og:image:height\" content=\"1586\" \/>\n\t<meta property=\"og:image:type\" content=\"image\/png\" \/>\n<meta name=\"twitter:card\" content=\"summary_large_image\" \/>\n<meta name=\"twitter:label1\" content=\"Estimated reading time\" \/>\n\t<meta name=\"twitter:data1\" content=\"1 minute\" \/>\n<script type=\"application\/ld+json\" class=\"yoast-schema-graph\">{\"@context\":\"https:\\\/\\\/schema.org\",\"@graph\":[{\"@type\":\"WebPage\",\"@id\":\"https:\\\/\\\/miconfort.es\\\/es_es\\\/product\\\/termo-thermor-ellite-duralis-75\\\/\",\"url\":\"https:\\\/\\\/miconfort.es\\\/es_es\\\/product\\\/termo-thermor-ellite-duralis-75\\\/\",\"name\":\"Termo THERMOR ELLITE DURALIS 75 - Mi Confort\",\"isPartOf\":{\"@id\":\"http:\\\/\\\/miconfort.es\\\/es_es\\\/#website\"},\"primaryImageOfPage\":{\"@id\":\"https:\\\/\\\/miconfort.es\\\/es_es\\\/product\\\/termo-thermor-ellite-duralis-75\\\/#primaryimage\"},\"image\":{\"@id\":\"https:\\\/\\\/miconfort.es\\\/es_es\\\/product\\\/termo-thermor-ellite-duralis-75\\\/#primaryimage\"},\"thumbnailUrl\":\"https:\\\/\\\/miconfort.es\\\/wp-content\\\/uploads\\\/2024\\\/02\\\/Captura-de-pantalla-2024-02-11-a-las-14.53.09.png\",\"datePublished\":\"2024-02-11T13:17:50+00:00\",\"dateModified\":\"2024-02-11T14:12:41+00:00\",\"breadcrumb\":{\"@id\":\"https:\\\/\\\/miconfort.es\\\/es_es\\\/product\\\/termo-thermor-ellite-duralis-75\\\/#breadcrumb\"},\"inLanguage\":\"en-GB\",\"potentialAction\":[{\"@type\":\"ReadAction\",\"target\":[\"https:\\\/\\\/miconfort.es\\\/es_es\\\/product\\\/termo-thermor-ellite-duralis-75\\\/\"]}]},{\"@type\":\"ImageObject\",\"inLanguage\":\"en-GB\",\"@id\":\"https:\\\/\\\/miconfort.es\\\/es_es\\\/product\\\/termo-thermor-ellite-duralis-75\\\/#primaryimage\",\"url\":\"https:\\\/\\\/miconfort.es\\\/wp-content\\\/uploads\\\/2024\\\/02\\\/Captura-de-pantalla-2024-02-11-a-las-14.53.09.png\",\"contentUrl\":\"https:\\\/\\\/miconfort.es\\\/wp-content\\\/uploads\\\/2024\\\/02\\\/Captura-de-pantalla-2024-02-11-a-las-14.53.09.png\",\"width\":1584,\"height\":1586},{\"@type\":\"BreadcrumbList\",\"@id\":\"https:\\\/\\\/miconfort.es\\\/es_es\\\/product\\\/termo-thermor-ellite-duralis-75\\\/#breadcrumb\",\"itemListElement\":[{\"@type\":\"ListItem\",\"position\":1,\"name\":\"Home\",\"item\":\"http:\\\/\\\/miconfort.es\\\/es_es\\\/\"},{\"@type\":\"ListItem\",\"position\":2,\"name\":\"Productos\",\"item\":\"http:\\\/\\\/miconfort.es\\\/es_es\\\/shop\\\/\"},{\"@type\":\"ListItem\",\"position\":3,\"name\":\"Termo THERMOR ELLITE DURALIS 75\"}]},{\"@type\":\"WebSite\",\"@id\":\"http:\\\/\\\/miconfort.es\\\/es_es\\\/#website\",\"url\":\"http:\\\/\\\/miconfort.es\\\/es_es\\\/\",\"name\":\"Mi Confort\",\"description\":\"Todo lo necesario para tu hogar\",\"publisher\":{\"@id\":\"http:\\\/\\\/miconfort.es\\\/es_es\\\/#organization\"},\"potentialAction\":[{\"@type\":\"SearchAction\",\"target\":{\"@type\":\"EntryPoint\",\"urlTemplate\":\"http:\\\/\\\/miconfort.es\\\/es_es\\\/?s={search_term_string}\"},\"query-input\":{\"@type\":\"PropertyValueSpecification\",\"valueRequired\":true,\"valueName\":\"search_term_string\"}}],\"inLanguage\":\"en-GB\"},{\"@type\":\"Organization\",\"@id\":\"http:\\\/\\\/miconfort.es\\\/es_es\\\/#organization\",\"name\":\"Mi Confort\",\"url\":\"http:\\\/\\\/miconfort.es\\\/es_es\\\/\",\"logo\":{\"@type\":\"ImageObject\",\"inLanguage\":\"en-GB\",\"@id\":\"http:\\\/\\\/miconfort.es\\\/es_es\\\/#\\\/schema\\\/logo\\\/image\\\/\",\"url\":\"https:\\\/\\\/miconfort.es\\\/wp-content\\\/uploads\\\/2024\\\/01\\\/mi-confort-web-wh.png\",\"contentUrl\":\"https:\\\/\\\/miconfort.es\\\/wp-content\\\/uploads\\\/2024\\\/01\\\/mi-confort-web-wh.png\",\"width\":1800,\"height\":1254,\"caption\":\"Mi Confort\"},\"image\":{\"@id\":\"http:\\\/\\\/miconfort.es\\\/es_es\\\/#\\\/schema\\\/logo\\\/image\\\/\"}}]}<\/script>\n<!-- \/ Yoast SEO plugin. -->","yoast_head_json":{"title":"Termo THERMOR ELLITE DURALIS 75 - Mi Confort","robots":{"index":"index","follow":"follow","max-snippet":"max-snippet:-1","max-image-preview":"max-image-preview:large","max-video-preview":"max-video-preview:-1"},"canonical":"https:\/\/miconfort.es\/en\/product\/termo-thermor-ellite-duralis-75\/","og_locale":"en_GB","og_type":"article","og_title":"Termo THERMOR ELLITE DURALIS 75 - Mi Confort","og_description":"Termo de gama alta THERMOR DURALIS 75 litros el mejor termo para usos intensos \u00f3 zonas con altas dosis de cal en el agua, como todo el mediterr\u00e1neo, donde los termos apenas duran 4 a\u00f1os, en este caso gracias a su \u00e1nodo electr\u00f3nico ACI Hybrid, no sufrir\u00e1 desgaste y obtendremos la mayor vida \u00fatil en un termo. Es por lo que ofrece 7 a\u00f1os de garant\u00eda para el calder\u00edn sin mantenimiento y 5 a\u00f1os para los componentes el\u00e9ctricos.","og_url":"https:\/\/miconfort.es\/en\/product\/termo-thermor-ellite-duralis-75\/","og_site_name":"Mi Confort","article_modified_time":"2024-02-11T14:12:41+00:00","og_image":[{"width":1584,"height":1586,"url":"https:\/\/miconfort.es\/wp-content\/uploads\/2024\/02\/Captura-de-pantalla-2024-02-11-a-las-14.53.09.png","type":"image\/png"}],"twitter_card":"summary_large_image","twitter_misc":{"Estimated reading time":"1 minute"},"schema":{"@context":"https:\/\/schema.org","@graph":[{"@type":"WebPage","@id":"https:\/\/miconfort.es\/es_es\/product\/termo-thermor-ellite-duralis-75\/","url":"https:\/\/miconfort.es\/es_es\/product\/termo-thermor-ellite-duralis-75\/","name":"Termo THERMOR ELLITE DURALIS 75 - Mi Confort","isPartOf":{"@id":"http:\/\/miconfort.es\/es_es\/#website"},"primaryImageOfPage":{"@id":"https:\/\/miconfort.es\/es_es\/product\/termo-thermor-ellite-duralis-75\/#primaryimage"},"image":{"@id":"https:\/\/miconfort.es\/es_es\/product\/termo-thermor-ellite-duralis-75\/#primaryimage"},"thumbnailUrl":"https:\/\/miconfort.es\/wp-content\/uploads\/2024\/02\/Captura-de-pantalla-2024-02-11-a-las-14.53.09.png","datePublished":"2024-02-11T13:17:50+00:00","dateModified":"2024-02-11T14:12:41+00:00","breadcrumb":{"@id":"https:\/\/miconfort.es\/es_es\/product\/termo-thermor-ellite-duralis-75\/#breadcrumb"},"inLanguage":"en-GB","potentialAction":[{"@type":"ReadAction","target":["https:\/\/miconfort.es\/es_es\/product\/termo-thermor-ellite-duralis-75\/"]}]},{"@type":"ImageObject","inLanguage":"en-GB","@id":"https:\/\/miconfort.es\/es_es\/product\/termo-thermor-ellite-duralis-75\/#primaryimage","url":"https:\/\/miconfort.es\/wp-content\/uploads\/2024\/02\/Captura-de-pantalla-2024-02-11-a-las-14.53.09.png","contentUrl":"https:\/\/miconfort.es\/wp-content\/uploads\/2024\/02\/Captura-de-pantalla-2024-02-11-a-las-14.53.09.png","width":1584,"height":1586},{"@type":"BreadcrumbList","@id":"https:\/\/miconfort.es\/es_es\/product\/termo-thermor-ellite-duralis-75\/#breadcrumb","itemListElement":[{"@type":"ListItem","position":1,"name":"Home","item":"http:\/\/miconfort.es\/es_es\/"},{"@type":"ListItem","position":2,"name":"Productos","item":"http:\/\/miconfort.es\/es_es\/shop\/"},{"@type":"ListItem","position":3,"name":"Termo THERMOR ELLITE DURALIS 75"}]},{"@type":"WebSite","@id":"http:\/\/miconfort.es\/es_es\/#website","url":"http:\/\/miconfort.es\/es_es\/","name":"Mi Confort","description":"Todo lo necesario para tu hogar","publisher":{"@id":"http:\/\/miconfort.es\/es_es\/#organization"},"potentialAction":[{"@type":"SearchAction","target":{"@type":"EntryPoint","urlTemplate":"http:\/\/miconfort.es\/es_es\/?s={search_term_string}"},"query-input":{"@type":"PropertyValueSpecification","valueRequired":true,"valueName":"search_term_string"}}],"inLanguage":"en-GB"},{"@type":"Organization","@id":"http:\/\/miconfort.es\/es_es\/#organization","name":"Mi Confort","url":"http:\/\/miconfort.es\/es_es\/","logo":{"@type":"ImageObject","inLanguage":"en-GB","@id":"http:\/\/miconfort.es\/es_es\/#\/schema\/logo\/image\/","url":"https:\/\/miconfort.es\/wp-content\/uploads\/2024\/01\/mi-confort-web-wh.png","contentUrl":"https:\/\/miconfort.es\/wp-content\/uploads\/2024\/01\/mi-confort-web-wh.png","width":1800,"height":1254,"caption":"Mi Confort"},"image":{"@id":"http:\/\/miconfort.es\/es_es\/#\/schema\/logo\/image\/"}}]}},"_links":{"self":[{"href":"https:\/\/miconfort.es\/en\/wp-json\/wp\/v2\/product\/634","targetHints":{"allow":["GET"]}}],"collection":[{"href":"https:\/\/miconfort.es\/en\/wp-json\/wp\/v2\/product"}],"about":[{"href":"https:\/\/miconfort.es\/en\/wp-json\/wp\/v2\/types\/product"}],"replies":[{"embeddable":true,"href":"https:\/\/miconfort.es\/en\/wp-json\/wp\/v2\/comments?post=634"}],"wp:featuredmedia":[{"embeddable":true,"href":"https:\/\/miconfort.es\/en\/wp-json\/wp\/v2\/media\/642"}],"wp:attachment":[{"href":"https:\/\/miconfort.es\/en\/wp-json\/wp\/v2\/media?parent=634"}],"wp:term":[{"taxonomy":"product_brand","embeddable":true,"href":"https:\/\/miconfort.es\/en\/wp-json\/wp\/v2\/product_brand?post=634"},{"taxonomy":"product_cat","embeddable":true,"href":"https:\/\/miconfort.es\/en\/wp-json\/wp\/v2\/product_cat?post=634"},{"taxonomy":"product_tag","embeddable":true,"href":"https:\/\/miconfort.es\/en\/wp-json\/wp\/v2\/product_tag?post=634"}],"curies":[{"name":"wp","href":"https:\/\/api.w.org\/{rel}","templated":true}]}}